{"id":168,"date":"2015-02-26T17:20:46","date_gmt":"2015-02-26T16:20:46","guid":{"rendered":"http:\/\/juntasolar.noblogs.org\/?page_id=168"},"modified":"2015-03-06T20:26:05","modified_gmt":"2015-03-06T19:26:05","slug":"falles-populars-a-la-creu-de-mislata-2015-2","status":"publish","type":"page","link":"https:\/\/juntasolar.noblogs.org\/?page_id=168","title":{"rendered":"Falles Populars a la Creu de Mislata 2015"},"content":{"rendered":"<p><strong><a href=\"https:\/\/juntasolar.noblogs.org\/files\/2015\/02\/falles-2015.png\"><img loading=\"lazy\" decoding=\"async\" class=\"alignnone size-large wp-image-220\" src=\"https:\/\/juntasolar.noblogs.org\/files\/2015\/02\/falles-2015-724x1024.png\" alt=\"falles-2015\" width=\"640\" height=\"905\" srcset=\"https:\/\/juntasolar.noblogs.org\/files\/2015\/02\/falles-2015-724x1024.png 724w, https:\/\/juntasolar.noblogs.org\/files\/2015\/02\/falles-2015-212x300.png 212w, https:\/\/juntasolar.noblogs.org\/files\/2015\/02\/falles-2015.png 745w\" sizes=\"auto, (max-width: 640px) 100vw, 640px\" \/><\/a>Dissabte 14:<\/strong><br \/>\n19h Concert:<br \/>\n<em>Mantequilla Voladora<\/em><br \/>\n<em> Tus Huertos<\/em><br \/>\n22h Sopar veg\u00e0<br \/>\n0h <em>Dj Mediaplayer<\/em><\/p>\n<p><strong>Diumenge 15<\/strong><br \/>\n18h Muntatge de la falla infantil<br \/>\nXocolat\u00e0 vegana<br \/>\n20h Crem\u00e0 infantil<br \/>\n21h Musiqueta i picaeta<\/p>\n<p><strong>Dijous 19<\/strong><br \/>\n22h Torr\u00e0 vegana i cal\u00e7ot\u00e0<br \/>\n(Cal apuntar-se per a la cal\u00e7ot\u00e0)<br \/>\n23h Crem\u00e0 de trastos vells<\/p>\n<p><em>Totes les activitats a la Iniciativa D\u00e0hlia.<\/em><br \/>\n<em> C\/cam\u00ed Vell de Xirivella, 23. Barri de la Creu de Mislata.<\/em><br \/>\n<a href=\"la-dahlia.org\"><em> la-dahlia.org<\/em><\/a><\/p>\n","protected":false},"excerpt":{"rendered":"<p>Dissabte 14: 19h Concert: Mantequilla Voladora Tus Huertos 22h Sopar veg\u00e0 0h Dj Mediaplayer Diumenge 15 18h Muntatge de la falla infantil Xocolat\u00e0 vegana 20h Crem\u00e0 infantil 21h Musiqueta i picaeta Dijous 19 22h Torr\u00e0 vegana i cal\u00e7ot\u00e0 (Cal apuntar-se &hellip; <a href=\"https:\/\/juntasolar.noblogs.org\/?page_id=168\">Sigue leyendo <span class=\"meta-nav\">&rarr;<\/span><\/a><\/p>\n","protected":false},"author":7899,"featured_media":0,"parent":0,"menu_order":0,"comment_status":"open","ping_status":"closed","template":"","meta":{"footnotes":""},"class_list":["post-168","page","type-page","status-publish","hentry"],"_links":{"self":[{"href":"https:\/\/juntasolar.noblogs.org\/index.php?rest_route=\/wp\/v2\/pages\/168","targetHints":{"allow":["GET"]}}],"collection":[{"href":"https:\/\/juntasolar.noblogs.org\/index.php?rest_route=\/wp\/v2\/pages"}],"about":[{"href":"https:\/\/juntasolar.noblogs.org\/index.php?rest_route=\/wp\/v2\/types\/page"}],"author":[{"embeddable":true,"href":"https:\/\/juntasolar.noblogs.org\/index.php?rest_route=\/wp\/v2\/users\/7899"}],"replies":[{"embeddable":true,"href":"https:\/\/juntasolar.noblogs.org\/index.php?rest_route=%2Fwp%2Fv2%2Fcomments&post=168"}],"version-history":[{"count":5,"href":"https:\/\/juntasolar.noblogs.org\/index.php?rest_route=\/wp\/v2\/pages\/168\/revisions"}],"predecessor-version":[{"id":221,"href":"https:\/\/juntasolar.noblogs.org\/index.php?rest_route=\/wp\/v2\/pages\/168\/revisions\/221"}],"wp:attachment":[{"href":"https:\/\/juntasolar.noblogs.org\/index.php?rest_route=%2Fwp%2Fv2%2Fmedia&parent=168"}],"curies":[{"name":"wp","href":"https:\/\/api.w.org\/{rel}","templated":true}]}}