{"id":54,"date":"2014-02-28T01:15:18","date_gmt":"2014-02-28T00:15:18","guid":{"rendered":"http:\/\/juntasolar.noblogs.org\/?page_id=54"},"modified":"2015-02-26T17:17:12","modified_gmt":"2015-02-26T16:17:12","slug":"falles-al-cabanyal","status":"publish","type":"page","link":"https:\/\/juntasolar.noblogs.org\/?page_id=54","title":{"rendered":"Falles al Cabanyal 2014"},"content":{"rendered":"<div>\n<p><strong><a href=\"https:\/\/juntasolar.noblogs.org\/files\/2014\/02\/Cartel-Falles.jpg\"><img loading=\"lazy\" decoding=\"async\" class=\" wp-image-115 alignright\" alt=\"Cartel Falles\" src=\"https:\/\/juntasolar.noblogs.org\/files\/2014\/02\/Cartel-Falles.jpg\" width=\"407\" height=\"576\" srcset=\"https:\/\/juntasolar.noblogs.org\/files\/2014\/02\/Cartel-Falles.jpg 679w, https:\/\/juntasolar.noblogs.org\/files\/2014\/02\/Cartel-Falles-212x300.jpg 212w\" sizes=\"auto, (max-width: 407px) 100vw, 407px\" \/><\/a><\/strong>Vos convidem a gaudir de les falles que m\u00e9s molen!! que (per supost) son<br \/>\nles nostres al Cabanyal!!<\/p>\n<p>La programaci\u00f3 d&#8217;aquest any \u00e9s<\/p>\n<p>__<strong>DIVENDRES 14 <\/strong>__<\/p>\n<p>19:00 &#8211; CRID\u00c0 amb l&#8217;alcaldessa de Cabanyal Z a l&#8217;Escola acompanyada per<br \/>\ntabals i dol\u00e7aines.<\/p>\n<p>20:00 &#8211; CONCERT de El Cifu al balc\u00f3 de l&#8217;Escola.<\/p>\n<p>___<strong>DISSABTE 15<\/strong> ____<\/p>\n<p>11:00 &#8211; VOLEI PLATJA (front al Mayhem)<br \/>\n19:00 &#8211; CERCATASQUES* (amb tabals i dol\u00e7aines,tapes i beguda en cada local)<\/p>\n<p>* TRAJECTE :<br \/>\nL&#8217;ESCOLA ~ ATENEU LLIBERTARI DEL CABANYAL ~ CARRER SANT PERE ~ EL SAMARUC ~<br \/>\nCSO LA FUSTERIA.<\/p>\n<p>21:30 &#8211; CONCERT al CSO La Fusteria de LA DILIGENCIA DE VAQUEROS ZOMBIS<br \/>\n(madrid)<\/p>\n<p>_________________________<strong> DILLUNS 17<\/strong> _________________________<\/p>\n<p>17:00 &#8211; PLANT\u00c0 de la falla al descampat del portuaris (block Jarabo) amb<br \/>\nxocolatada i orxata.<\/p>\n<p>18:00 &#8211; CONCERT FLAMENKO amb convidats del block Jarabo.<\/p>\n<p>_________________________<strong>DIMARTS 18<\/strong> _________________________<\/p>\n<p>12:00 &#8211; PAELLES POPULARS al descampat dels portuaris<br \/>\nNOSALTRES FIQUEM LA LLENYA!!<\/p>\n<p>17:00 &#8211; CAMPIONAT de FUTBET al descampat dels portuaris<\/p>\n<p>SOPAR DE PA I PORTA!!<\/p>\n<p>22:00 &#8211; CREM\u00c0 I CORREFOCS a carrec dels Correllops de Vilallonga al<br \/>\ndescampat dels portuaris<\/p>\n<p>23:00 &#8211; CONCERT DE NOVUS ORDO + MAFALDA (Presentaci\u00f3 del nou disc ) al CSO<br \/>\nLA FUSTERIA.<\/p>\n<p>PER UN BARRI VIU I COMBATIU&#8230;.<\/p>\n<\/div>\n","protected":false},"excerpt":{"rendered":"<p>Vos convidem a gaudir de les falles que m\u00e9s molen!! que (per supost) son les nostres al Cabanyal!! La programaci\u00f3 d&#8217;aquest any \u00e9s __DIVENDRES 14 __ 19:00 &#8211; CRID\u00c0 amb l&#8217;alcaldessa de Cabanyal Z a l&#8217;Escola acompanyada per tabals i &hellip; <a href=\"https:\/\/juntasolar.noblogs.org\/?page_id=54\">Sigue leyendo <span class=\"meta-nav\">&rarr;<\/span><\/a><\/p>\n","protected":false},"author":7899,"featured_media":0,"parent":0,"menu_order":0,"comment_status":"open","ping_status":"closed","template":"onecolumn-page.php","meta":{"footnotes":""},"class_list":["post-54","page","type-page","status-publish","hentry"],"_links":{"self":[{"href":"https:\/\/juntasolar.noblogs.org\/index.php?rest_route=\/wp\/v2\/pages\/54","targetHints":{"allow":["GET"]}}],"collection":[{"href":"https:\/\/juntasolar.noblogs.org\/index.php?rest_route=\/wp\/v2\/pages"}],"about":[{"href":"https:\/\/juntasolar.noblogs.org\/index.php?rest_route=\/wp\/v2\/types\/page"}],"author":[{"embeddable":true,"href":"https:\/\/juntasolar.noblogs.org\/index.php?rest_route=\/wp\/v2\/users\/7899"}],"replies":[{"embeddable":true,"href":"https:\/\/juntasolar.noblogs.org\/index.php?rest_route=%2Fwp%2Fv2%2Fcomments&post=54"}],"version-history":[{"count":7,"href":"https:\/\/juntasolar.noblogs.org\/index.php?rest_route=\/wp\/v2\/pages\/54\/revisions"}],"predecessor-version":[{"id":166,"href":"https:\/\/juntasolar.noblogs.org\/index.php?rest_route=\/wp\/v2\/pages\/54\/revisions\/166"}],"wp:attachment":[{"href":"https:\/\/juntasolar.noblogs.org\/index.php?rest_route=%2Fwp%2Fv2%2Fmedia&parent=54"}],"curies":[{"name":"wp","href":"https:\/\/api.w.org\/{rel}","templated":true}]}}